{"id":388,"date":"2024-07-08T10:33:24","date_gmt":"2024-07-08T08:33:24","guid":{"rendered":"https:\/\/osmoz-it.com\/blog\/"},"modified":"2026-04-10T16:31:48","modified_gmt":"2026-04-10T14:31:48","slug":"blog","status":"publish","type":"page","link":"https:\/\/osmoz-it.com\/en\/blog\/","title":{"rendered":"Blog"},"content":{"rendered":"<div class=\"et_pb_section_0 et_pb_section et_section_regular et_block_section preset--module--divi-section--default\">\n<div class=\"et_pb_row_0 et_pb_row et_block_row preset--module--divi-row--default\">\n<div class=\"et_pb_column_0 et_pb_column et_pb_column_4_4 et-last-child et_block_column et_pb_css_mix_blend_mode_passthrough\">\n<div class=\"et_pb_heading_0 et_pb_heading et_pb_module et_flex_module\"><div class=\"et_pb_heading_container\"><h1 class=\"et_pb_module_header\">The latest news<\/h1><\/div><\/div>\n\n<div class=\"et_pb_blog_0 et_pb_blog et_pb_bg_layout_light et_pb_text_align_center et_pb_posts et_pb_module preset--module--divi-blog--default\"><div class=\"et_pb_ajax_pagination_container\"><div class=\"et_pb_posts et_grid_module\"><article class=\"et_pb_post et_pb_post_id_374 clearfix et_pb_blog_item_0_0 post-374 post type-post status-publish format-standard has-post-thumbnail hentry category-non-classe\"><div class=\"et_pb_image_container\"><a href=\"https:\/\/osmoz-it.com\/en\/vous-avez-3-ans-pour-reclamer-vos-droits-dauteur\/\" class=\"entry-featured-image-url\"><img decoding=\"async\" data-src=\"https:\/\/osmoz-it.com\/wp-content\/uploads\/2026\/04\/mobile-mission-impossible.jpg\" width=\"400\" height=\"284\" alt=\"Vous avez 3 ans pour r\u00e9clamer vos droits d\u2019auteur\" data-srcset=\"https:\/\/osmoz-it.com\/wp-content\/uploads\/2026\/04\/mobile-mission-impossible.jpg 479w, https:\/\/osmoz-it.com\/wp-content\/uploads\/2026\/04\/mobile-mission-impossible-400x284.jpg 480w\" data-sizes=\"(max-width:479px) 479px, 100vw\" src=\"data:image\/svg+xml;base64,PHN2ZyB3aWR0aD0iMSIgaGVpZ2h0PSIxIiB4bWxucz0iaHR0cDovL3d3dy53My5vcmcvMjAwMC9zdmciPjwvc3ZnPg==\" class=\"lazyload\" style=\"--smush-placeholder-width: 400px; --smush-placeholder-aspect-ratio: 400\/284;\" \/><span data-icon=\"\ue050\" class=\"et_overlay et_pb_inline_icon\"><\/span><\/a><\/div><h2 class=\"entry-title\"><a href=\"https:\/\/osmoz-it.com\/en\/vous-avez-3-ans-pour-reclamer-vos-droits-dauteur\/\">Vous avez 3 ans pour r\u00e9clamer vos droits d\u2019auteur<\/a><\/h2><p class=\"post-meta\"><span class=\"published\">10 Apr 2026<\/span><\/p><div class=\"post-content\"><div class=\"post-content-inner\"><p>Les auteurs sont au c\u0153ur d\u2019une machinerie complexe. Au sein de cette machinerie, la gestion de leurs droits d\u2019auteur et la maximisation de leurs r\u00e9mun\u00e9rations rev\u00eatent une importance capitale.Le Code de la Propri\u00e9t\u00e9 Intellectuelle (CPI), notamment ses articles L324-9&#8230;<\/p>\n<\/div><\/div><\/article><article class=\"et_pb_post et_pb_post_id_371 clearfix et_pb_blog_item_0_1 post-371 post type-post status-publish format-standard has-post-thumbnail hentry category-non-classe\"><div class=\"et_pb_image_container\"><a href=\"https:\/\/osmoz-it.com\/en\/les-auteurs-audiovisuels\/\" class=\"entry-featured-image-url\"><img decoding=\"async\" data-src=\"https:\/\/osmoz-it.com\/wp-content\/uploads\/2026\/04\/pexels-kyle-loftus-3045400-scaled-e1681899190868-2048x1101-1-scaled.jpg\" width=\"400\" height=\"284\" alt=\"Les auteurs audiovisuels\" data-srcset=\"https:\/\/osmoz-it.com\/wp-content\/uploads\/2026\/04\/pexels-kyle-loftus-3045400-scaled-e1681899190868-2048x1101-1-scaled.jpg 479w, https:\/\/osmoz-it.com\/wp-content\/uploads\/2026\/04\/pexels-kyle-loftus-3045400-scaled-e1681899190868-2048x1101-1-400x284.jpg 480w\" data-sizes=\"(max-width:479px) 479px, 100vw\" src=\"data:image\/svg+xml;base64,PHN2ZyB3aWR0aD0iMSIgaGVpZ2h0PSIxIiB4bWxucz0iaHR0cDovL3d3dy53My5vcmcvMjAwMC9zdmciPjwvc3ZnPg==\" class=\"lazyload\" style=\"--smush-placeholder-width: 400px; --smush-placeholder-aspect-ratio: 400\/284;\" \/><span data-icon=\"\ue050\" class=\"et_overlay et_pb_inline_icon\"><\/span><\/a><\/div><h2 class=\"entry-title\"><a href=\"https:\/\/osmoz-it.com\/en\/les-auteurs-audiovisuels\/\">Les auteurs audiovisuels<\/a><\/h2><p class=\"post-meta\"><span class=\"published\">10 Apr 2026<\/span><\/p><div class=\"post-content\"><div class=\"post-content-inner\"><p>ls nous font vivre des \u00e9motions fortes, joie, tristesse, peur, amour. Ils nous transportent, fa\u00e7onnent m\u00eame notre imaginaire et font rayonner une culture au del\u00e0 des fronti\u00e8res.Mais qui sont les auteurs audiovisuels ? En France, le droit d\u2019auteur est r\u00e9gi par le code&#8230;<\/p>\n<\/div><\/div><\/article><article class=\"et_pb_post et_pb_post_id_368 clearfix et_pb_blog_item_0_2 post-368 post type-post status-publish format-standard has-post-thumbnail hentry category-non-classe\"><div class=\"et_pb_image_container\"><a href=\"https:\/\/osmoz-it.com\/en\/la-french-tech-parle-dosmoz-it-%f0%9f%a4%a9\/\" class=\"entry-featured-image-url\"><img decoding=\"async\" data-src=\"https:\/\/osmoz-it.com\/wp-content\/uploads\/2026\/04\/logo_ftalps_rs-1.png\" width=\"400\" height=\"284\" alt=\"La French Tech parle d\u2019OSMOZ-IT \ud83e\udd29\" data-srcset=\"https:\/\/osmoz-it.com\/wp-content\/uploads\/2026\/04\/logo_ftalps_rs-1.png 479w, https:\/\/osmoz-it.com\/wp-content\/uploads\/2026\/04\/logo_ftalps_rs-1-400x284.png 480w\" data-sizes=\"(max-width:479px) 479px, 100vw\" src=\"data:image\/svg+xml;base64,PHN2ZyB3aWR0aD0iMSIgaGVpZ2h0PSIxIiB4bWxucz0iaHR0cDovL3d3dy53My5vcmcvMjAwMC9zdmciPjwvc3ZnPg==\" class=\"lazyload\" style=\"--smush-placeholder-width: 400px; --smush-placeholder-aspect-ratio: 400\/284;\" \/><span data-icon=\"\ue050\" class=\"et_overlay et_pb_inline_icon\"><\/span><\/a><\/div><h2 class=\"entry-title\"><a href=\"https:\/\/osmoz-it.com\/en\/la-french-tech-parle-dosmoz-it-%f0%9f%a4%a9\/\">La French Tech parle d\u2019OSMOZ-IT \ud83e\udd29<\/a><\/h2><p class=\"post-meta\"><span class=\"published\">10 Apr 2026<\/span><\/p><div class=\"post-content\"><div class=\"post-content-inner\"><p>Coup de projecteur sur&nbsp;OSMOZ-IT&nbsp;dans le dossier sp\u00e9cial \u00ab&nbsp;French Tech&nbsp;\u00bb du journal&nbsp;LaTribune&nbsp;! L\u2019occasion pour nous d\u2019affirmer notre engagement dans l\u2019\u00e9cosyst\u00e8me local et notre participation active \u00e0 la structuration de la communaut\u00e9&#8230;<\/p>\n<\/div><\/div><\/article><article class=\"et_pb_post et_pb_post_id_365 clearfix et_pb_blog_item_0_3 post-365 post type-post status-publish format-standard has-post-thumbnail hentry category-non-classe\"><div class=\"et_pb_image_container\"><a href=\"https:\/\/osmoz-it.com\/en\/3-minutes-chrono-pitcher-face-a-cedric-o\/\" class=\"entry-featured-image-url\"><img decoding=\"async\" data-src=\"https:\/\/osmoz-it.com\/wp-content\/uploads\/2026\/04\/IMG_2487-1-e1711375239908.jpg\" width=\"400\" height=\"284\" alt=\"3 minutes chrono pitcher face \u00e0 C\u00e9dric O !\" data-srcset=\"https:\/\/osmoz-it.com\/wp-content\/uploads\/2026\/04\/IMG_2487-1-e1711375239908.jpg 479w, https:\/\/osmoz-it.com\/wp-content\/uploads\/2026\/04\/IMG_2487-1-e1711375239908-400x284.jpg 480w\" data-sizes=\"(max-width:479px) 479px, 100vw\" src=\"data:image\/svg+xml;base64,PHN2ZyB3aWR0aD0iMSIgaGVpZ2h0PSIxIiB4bWxucz0iaHR0cDovL3d3dy53My5vcmcvMjAwMC9zdmciPjwvc3ZnPg==\" class=\"lazyload\" style=\"--smush-placeholder-width: 400px; --smush-placeholder-aspect-ratio: 400\/284;\" \/><span data-icon=\"\ue050\" class=\"et_overlay et_pb_inline_icon\"><\/span><\/a><\/div><h2 class=\"entry-title\"><a href=\"https:\/\/osmoz-it.com\/en\/3-minutes-chrono-pitcher-face-a-cedric-o\/\">3 minutes chrono pitcher face \u00e0 C\u00e9dric O !<\/a><\/h2><p class=\"post-meta\"><span class=\"published\">10 Apr 2026<\/span><\/p><div class=\"post-content\"><div class=\"post-content-inner\"><p>Le jeudi 11 mars 2021, OSMOZ-IT a eu le privil\u00e8ge de pr\u00e9senter son outil de tra\u00e7abilit\u00e9 d\u2019exploitation d\u2019oeuvres audiovisuelles \u00e0 M. C\u00e9dric O, ministre de la transition num\u00e9rique. Dans le cadre de la visite de communaut\u00e9 French Tech in the Alps du Genevois fran\u00e7ais, 5&#8230;<\/p>\n<\/div><\/div><\/article><article class=\"et_pb_post et_pb_post_id_362 clearfix et_pb_blog_item_0_4 post-362 post type-post status-publish format-standard has-post-thumbnail hentry category-non-classe\"><div class=\"et_pb_image_container\"><a href=\"https:\/\/osmoz-it.com\/en\/les-3-etapes-pour-proteger-son-oeuvre-quand-on-est-auteur-compositeur\/\" class=\"entry-featured-image-url\"><img decoding=\"async\" data-src=\"https:\/\/osmoz-it.com\/wp-content\/uploads\/2026\/04\/adult-3086307_1280.jpg\" width=\"400\" height=\"284\" alt=\"Les 3 \u00e9tapes pour prot\u00e9ger son oeuvre quand on est auteur-compositeur\" data-srcset=\"https:\/\/osmoz-it.com\/wp-content\/uploads\/2026\/04\/adult-3086307_1280.jpg 479w, https:\/\/osmoz-it.com\/wp-content\/uploads\/2026\/04\/adult-3086307_1280-400x284.jpg 480w\" data-sizes=\"(max-width:479px) 479px, 100vw\" src=\"data:image\/svg+xml;base64,PHN2ZyB3aWR0aD0iMSIgaGVpZ2h0PSIxIiB4bWxucz0iaHR0cDovL3d3dy53My5vcmcvMjAwMC9zdmciPjwvc3ZnPg==\" class=\"lazyload\" style=\"--smush-placeholder-width: 400px; --smush-placeholder-aspect-ratio: 400\/284;\" \/><span data-icon=\"\ue050\" class=\"et_overlay et_pb_inline_icon\"><\/span><\/a><\/div><h2 class=\"entry-title\"><a href=\"https:\/\/osmoz-it.com\/en\/les-3-etapes-pour-proteger-son-oeuvre-quand-on-est-auteur-compositeur\/\">Les 3 \u00e9tapes pour prot\u00e9ger son oeuvre quand on est auteur-compositeur<\/a><\/h2><p class=\"post-meta\"><span class=\"published\">10 Apr 2026<\/span><\/p><div class=\"post-content\"><div class=\"post-content-inner\"><p>Imaginez ! Vous \u00eates en voiture en train d\u2019\u00e9couter la radio par une belle journ\u00e9e de printemps. Les oiseaux chantent, les fleurs bourgeonnent \u2026 bref, vous \u00eates paisibles. Soudain vous entendez une musique \u00e9trangement similaire \u00e0 votre cr\u00e9ation&nbsp;! C\u2019est un&#8230;<\/p>\n<\/div><\/div><\/article><article class=\"et_pb_post et_pb_post_id_359 clearfix et_pb_blog_item_0_5 post-359 post type-post status-publish format-standard has-post-thumbnail hentry category-non-classe\"><div class=\"et_pb_image_container\"><a href=\"https:\/\/osmoz-it.com\/en\/renforcer-la-transparence-sur-la-remuneration-proportionnelle-des-auteurs\/\" class=\"entry-featured-image-url\"><img decoding=\"async\" data-src=\"https:\/\/osmoz-it.com\/wp-content\/uploads\/2026\/04\/frozen-bubble-1943224_1280.jpg\" width=\"400\" height=\"284\" alt=\"Renforcer la transparence sur la r\u00e9mun\u00e9ration proportionnelle des auteurs\" data-srcset=\"https:\/\/osmoz-it.com\/wp-content\/uploads\/2026\/04\/frozen-bubble-1943224_1280.jpg 479w, https:\/\/osmoz-it.com\/wp-content\/uploads\/2026\/04\/frozen-bubble-1943224_1280-400x284.jpg 480w\" data-sizes=\"(max-width:479px) 479px, 100vw\" src=\"data:image\/svg+xml;base64,PHN2ZyB3aWR0aD0iMSIgaGVpZ2h0PSIxIiB4bWxucz0iaHR0cDovL3d3dy53My5vcmcvMjAwMC9zdmciPjwvc3ZnPg==\" class=\"lazyload\" style=\"--smush-placeholder-width: 400px; --smush-placeholder-aspect-ratio: 400\/284;\" \/><span data-icon=\"\ue050\" class=\"et_overlay et_pb_inline_icon\"><\/span><\/a><\/div><h2 class=\"entry-title\"><a href=\"https:\/\/osmoz-it.com\/en\/renforcer-la-transparence-sur-la-remuneration-proportionnelle-des-auteurs\/\">Renforcer la transparence sur la r\u00e9mun\u00e9ration proportionnelle des auteurs<\/a><\/h2><p class=\"post-meta\"><span class=\"published\">10 Apr 2026<\/span><\/p><div class=\"post-content\"><div class=\"post-content-inner\"><p>\u00ab&nbsp;Une transparence syst\u00e9matique et r\u00e9guli\u00e8re (\u2026) envers les auteurs est une attente tr\u00e8s forte&nbsp;\u00bb Rapport Racine \u00a73.2 La r\u00e9mun\u00e9ration proportionnelle d\u2019un auteur d\u00e9pend de l\u2019exploitation de son \u0153uvre.Plus son \u0153uvre est diffus\u00e9e plus sa r\u00e9mun\u00e9ration est&#8230;<\/p>\n<\/div><\/div><\/article><article class=\"et_pb_post et_pb_post_id_356 clearfix et_pb_blog_item_0_6 post-356 post type-post status-publish format-standard has-post-thumbnail hentry category-non-classe\"><div class=\"et_pb_image_container\"><a href=\"https:\/\/osmoz-it.com\/en\/avez-vous-deja-passe-des-heures-a-chercher-un-financement-pour-votre-court-metrage\/\" class=\"entry-featured-image-url\"><img decoding=\"async\" data-src=\"https:\/\/osmoz-it.com\/wp-content\/uploads\/2026\/04\/financer_courtmetrage.jpg\" width=\"400\" height=\"284\" alt=\"Avez-vous d\u00e9j\u00e0 pass\u00e9 des heures \u00e0 chercher un financement pour votre court-m\u00e9trage\u00a0?\" data-srcset=\"https:\/\/osmoz-it.com\/wp-content\/uploads\/2026\/04\/financer_courtmetrage.jpg 479w, https:\/\/osmoz-it.com\/wp-content\/uploads\/2026\/04\/financer_courtmetrage-400x284.jpg 480w\" data-sizes=\"(max-width:479px) 479px, 100vw\" src=\"data:image\/svg+xml;base64,PHN2ZyB3aWR0aD0iMSIgaGVpZ2h0PSIxIiB4bWxucz0iaHR0cDovL3d3dy53My5vcmcvMjAwMC9zdmciPjwvc3ZnPg==\" class=\"lazyload\" style=\"--smush-placeholder-width: 400px; --smush-placeholder-aspect-ratio: 400\/284;\" \/><span data-icon=\"\ue050\" class=\"et_overlay et_pb_inline_icon\"><\/span><\/a><\/div><h2 class=\"entry-title\"><a href=\"https:\/\/osmoz-it.com\/en\/avez-vous-deja-passe-des-heures-a-chercher-un-financement-pour-votre-court-metrage\/\">Avez-vous d\u00e9j\u00e0 pass\u00e9 des heures \u00e0 chercher un financement pour votre court-m\u00e9trage\u00a0?<\/a><\/h2><p class=\"post-meta\"><span class=\"published\">10 Apr 2026<\/span><\/p><div class=\"post-content\"><div class=\"post-content-inner\"><p>Vous \u00eates auteur, vous avez une superbe id\u00e9e de court-m\u00e9trage que vous souhaitez concr\u00e9tiser. Pour cela, il vous faut des ressources financi\u00e8res. Le probl\u00e8me, c\u2019est que la recherche de l\u2019aide ad\u00e9quate vous prend beaucoup de temps. Il y a en effet de nombreuse aides ou&#8230;<\/p>\n<\/div><\/div><\/article><\/div><\/div><\/div>\n\n<div class=\"et_pb_module et_pb_button_module_wrapper et_pb_button_0_wrapper preset--module--divi-button--default_wrapper\"><a class=\"et_pb_button_0 et_pb_button et_pb_bg_layout_light et_pb_module et_block_module preset--module--divi-button--default\" href=\"\" id=\"pa_load_more\">See more articles<\/a><\/div>\n\n<div class=\"et_pb_code_0 et_pb_code et_pb_module\"><div class=\"et_pb_code_inner\"><script>jQuery(document).ready(function(){\n    \/\/For mobile Screens\n    if (window.matchMedia('(max-width: 767px)').matches) {\n        var initial_show_article = 10;\n    var article_reveal = 12;\n    jQuery(\".pa-blog-load-more article\").not( \":nth-child(-n+\"+initial_show_article+\")\" ).css(\"display\",\"none\");\n    jQuery(\"#pa_load_more\").on(\"click\", function(event){\n        event.preventDefault();\n        initial_show_article = initial_show_article + article_reveal;\n        jQuery(\".pa-blog-load-more article\").css(\"display\",\"block\");\n        jQuery(\".pa-blog-load-more article\").not( \":nth-child(-n+\"+initial_show_article+\")\" ).css(\"display\",\"none\");\n        var articles_num = jQuery(\".pa-blog-load-more article\").not('[style*=\"display: block\"]').length\n            if(articles_num == 0){\n            jQuery(this).css(\"display\",\"none\");    \n            }   \n    })\n    } else {\n        \/\/For desktop Screens\n        var initial_row_show = 3;\n        var row_reveal = 2;\n        var total_articles = jQuery(\".pa-blog-load-more article\").length;\n        jQuery(\".pa-blog-load-more article\").not( \":nth-child(-n+\"+initial_row_show+\")\" ).css(\"display\",\"none\");\n        \n        jQuery(\"#pa_load_more\").on(\"click\", function(event){\n            event.preventDefault();\n            initial_row_show = initial_row_show + row_reveal;\n            jQuery(\".pa-blog-load-more article\").css(\"display\",\"block\");\n            jQuery(\".pa-blog-load-more article\").not( \":nth-child(-n+\"+initial_row_show+\")\" ).css(\"display\",\"none\");\n            var articles_num = jQuery(\".pa-blog-load-more article\").not('[style*=\"display: block\"]').length\n            if(articles_num == 0){\n            jQuery(this).css(\"display\",\"none\");    \n            }    \n        })\n    } \n})\n<\/script><\/div><\/div>\n<\/div>\n<\/div>\n<\/div>","protected":false},"excerpt":{"rendered":"","protected":false},"author":1,"featured_media":0,"parent":0,"menu_order":0,"comment_status":"closed","ping_status":"closed","template":"","meta":{"_acf_changed":false,"footnotes":""},"class_list":["post-388","page","type-page","status-publish","hentry"],"acf":[],"_links":{"self":[{"href":"https:\/\/osmoz-it.com\/en\/wp-json\/wp\/v2\/pages\/388","targetHints":{"allow":["GET"]}}],"collection":[{"href":"https:\/\/osmoz-it.com\/en\/wp-json\/wp\/v2\/pages"}],"about":[{"href":"https:\/\/osmoz-it.com\/en\/wp-json\/wp\/v2\/types\/page"}],"author":[{"embeddable":true,"href":"https:\/\/osmoz-it.com\/en\/wp-json\/wp\/v2\/users\/1"}],"replies":[{"embeddable":true,"href":"https:\/\/osmoz-it.com\/en\/wp-json\/wp\/v2\/comments?post=388"}],"version-history":[{"count":1,"href":"https:\/\/osmoz-it.com\/en\/wp-json\/wp\/v2\/pages\/388\/revisions"}],"predecessor-version":[{"id":389,"href":"https:\/\/osmoz-it.com\/en\/wp-json\/wp\/v2\/pages\/388\/revisions\/389"}],"wp:attachment":[{"href":"https:\/\/osmoz-it.com\/en\/wp-json\/wp\/v2\/media?parent=388"}],"curies":[{"name":"wp","href":"https:\/\/api.w.org\/{rel}","templated":true}]}}